{"id":5,"date":"2017-09-10T21:25:36","date_gmt":"2017-09-10T21:25:36","guid":{"rendered":"http:\/\/mercedesquantenheilung.de\/?page_id=5"},"modified":"2025-07-21T11:58:17","modified_gmt":"2025-07-21T09:58:17","slug":"ueber-mich","status":"publish","type":"page","link":"https:\/\/mercedesquantenheilung.de\/?page_id=5","title":{"rendered":"\u00dcber mich"},"content":{"rendered":"<p>Als Tochter von Spaniern bin ich in Deutschland geboren und aufgewachsen. Nachdem ich mein Studium in BWL erfolgreich mit dem Abschluss Diplom Kauffrau beendet hatte, bin ich bei namhaften Unternehmen in der IT-Branche in M\u00fcnchen viele Jahre t\u00e4tig gewesen, unter anderem auch als Analystin und Beraterin.<\/p>\n<p><img loading=\"lazy\" decoding=\"async\" class=\"alignnone wp-image-209 size-large\" src=\"http:\/\/mercedesquantenheilung.de\/wp-content\/uploads\/2017\/10\/1-e1509913631605-1024x1005.jpg\" alt=\"\" width=\"525\" height=\"515\" srcset=\"https:\/\/mercedesquantenheilung.de\/wp-content\/uploads\/2017\/10\/1-e1509913631605-1024x1005.jpg 1024w, https:\/\/mercedesquantenheilung.de\/wp-content\/uploads\/2017\/10\/1-e1509913631605-300x294.jpg 300w, https:\/\/mercedesquantenheilung.de\/wp-content\/uploads\/2017\/10\/1-e1509913631605-768x754.jpg 768w\" sizes=\"(max-width: 525px) 100vw, 525px\" \/><\/p>\n<p>In dieser Zeit durfte ich unterschiedliche Seminare und Kurse, zu Themen wie z. B. Konfliktmanagement, Moderation von Arbeitsgruppen und F\u00fchrung besuchen.<\/p>\n<p>Mit der Geburt meines Sohnes Luis ver\u00e4nderte sich mein Leben komplett. Ich verlie\u00df den Bereich der IT und zog f\u00fcr ein paar Jahre nach Teneriffa.<\/p>\n<p>In der Jugend machte mir die Spiritualit\u00e4t eher Angst und ich vermied, damit in Kontakt zu kommen. Schon w\u00e4hrend ich meiner T\u00e4tigkeit als Analystin und Beraterin nachging, \u00f6ffnete sich mein spiritueller Weg. Im Alter von 30 Jahren fand ich mit Reiki den Zugang. Ich machte den 1. und 2. Grad in Reiki und interessierte mich von nun an f\u00fcr die gro\u00dfe Welt der Spiritualit\u00e4t. Ich durfte unterschiedliche spirituelle Meister kennenlernen, die mich immer wieder durchs Leben begleitet und mich gelehrt haben. Vom Umgang mit Besetzungen bis zum Rezitieren von Mantras war alles dabei. Auch wenn ich im &#8222;normalen System&#8220; eingebettet war, habe ich mir immer die Zeit genommen, um meiner Hingabe zur Spiritualit\u00e4t und dem Thema pers\u00f6nliches Wachstum nachzugehen.<\/p>\n<p>Ich besuchte:<\/p>\n<ul>\n<li><strong>Reiki-Seminare<\/strong><\/li>\n<li><strong>Avatar-Kurse<\/strong><\/li>\n<li><strong>Theta Healing-Kurse<\/strong><\/li>\n<li><strong>Kurse in systemischer Beratung<\/strong><\/li>\n<li><strong>sehr viele Familienaufstellungen<\/strong><\/li>\n<li><strong>Quantenheilungs-Kurse (2-Punkt-Methode)<br \/>\n<\/strong><\/li>\n<li><strong>Kurse zu Zen-Meditation<\/strong><\/li>\n<li><strong>TP1 von Grabavoi (Lenkungen zur Ver\u00e4nderung der gelebten Realit\u00e4t)<\/strong><\/li>\n<li><strong> etc.<\/strong><\/li>\n<\/ul>\n<p>Dar\u00fcber hinaus bin ich Autodidaktin, die gerne aus B\u00fcchern, aus dem Internet, aus der geistigen Welt und sonstigen Quellen ihr Wissen zieht und der Praxistauglichkeit aussetzt.<\/p>\n<p>Vor ca. einem Jahrzehnt hat es sich ergeben, dass immer mehr Menschen ihre Erfahrungen (auch schmerzliche) mit mir teilen wollten und mir ihre Sorgen und \u00c4ngste anvertraut haben. So kam es, dass ich mich immer mehr der Lebensberatung\u00a0 widmete, die ich auch heute noch mit Hingabe durchf\u00fchre.<\/p>\n<p>Ich bringe meine jahrelange Erfahrungen in meine Beratungst\u00e4tigkeit ein. Intuitiv f\u00fchre ich dich zum Kern des Problems, um anschlie\u00dfend diese Herausforderung zu harmonisieren. Wie bei einer Zwiebel werden Schichten des Problems bzw. der Herausforderung nach und nach &#8222;abgetragen&#8220; und gel\u00f6st. In dir wird ein Bewusstwerdungsprozess angesto\u00dfen, der dazu f\u00fchrt, dass deine Handlungen sich auf positive Weise ver\u00e4ndern. Deine ver\u00e4nderte Haltung gegen\u00fcber den Themen bewirkt, dass du nun positivere Erfahrungen in deiner Realit\u00e4t machst und feststellst.<\/p>\n<p>Ich sehe mich als Bindeglied zwischen meinen Klienten und der geistigen Welt. Eine meiner Hauptaufgaben besteht darin, diejenigen zu begleiten, die es w\u00fcnschen, um evtl. vergessenes und versch\u00fcttetes Wissen wieder zu aktivieren, das beim \u00dcbergang ins Neue behilflich ist. Eine weitere wichtige Aufgabe ist es, den Ballast aus der Vergangenheit, der nicht mehr hilfreich f\u00fcr das Leben im Hier und Jetzt ist, zu entlassen und somit Selbstheilungskr\u00e4fte durch Geistiges Heilen zu aktivieren und zu st\u00e4rken. Des Weiteren gebe ich meinen Klienten Techniken und Methoden an die Hand, mit denen sie bewusst und erfolgreich ihre Situationen selbst meistern k\u00f6nnen.<\/p>\n<p>Es ist spannend zu beobachten, was die einzelnen zum Teil sehr einfachen Techniken und Methoden f\u00fcr positive und transformierende Auswirkungen auf die Pers\u00f6nlichkeit der Menschen und auf ihr t\u00e4gliches Leben haben. Ich bin mit einem breiten L\u00e4cheln im Gesicht jeden Tag gespannt, welches &#8222;Wunder&#8220; sich wieder von Neuem auftut.<\/p>\n<p>Das Leben birgt so viele sch\u00f6ne wunderbare \u00dcberraschungen, wenn wir uns bereit erkl\u00e4ren, diese Erfahrung machen zu wollen. Tun wir das, ergeben sich wundervolle Momente in unserem Leben.<\/p>\n<p>Eure<\/p>\n<p>Mercedes Cabezos Bueno<\/p>\n","protected":false},"excerpt":{"rendered":"<p>Als Tochter von Spaniern bin ich in Deutschland geboren und aufgewachsen. Nachdem ich mein Studium in BWL erfolgreich mit dem Abschluss Diplom Kauffrau beendet hatte, bin ich bei namhaften Unternehmen in der IT-Branche in M\u00fcnchen viele Jahre t\u00e4tig gewesen, unter anderem auch als Analystin und Beraterin. In dieser Zeit durfte ich unterschiedliche Seminare und Kurse, &hellip; <\/p>\n<p class=\"link-more\"><a href=\"https:\/\/mercedesquantenheilung.de\/?page_id=5\" class=\"more-link\"><span class=\"screen-reader-text\">&#8222;\u00dcber mich&#8220;<\/span> weiterlesen<\/a><\/p>\n","protected":false},"author":1,"featured_media":0,"parent":0,"menu_order":0,"comment_status":"closed","ping_status":"closed","template":"","meta":{"footnotes":""},"_links":{"self":[{"href":"https:\/\/mercedesquantenheilung.de\/index.php?rest_route=\/wp\/v2\/pages\/5"}],"collection":[{"href":"https:\/\/mercedesquantenheilung.de\/index.php?rest_route=\/wp\/v2\/pages"}],"about":[{"href":"https:\/\/mercedesquantenheilung.de\/index.php?rest_route=\/wp\/v2\/types\/page"}],"author":[{"embeddable":true,"href":"https:\/\/mercedesquantenheilung.de\/index.php?rest_route=\/wp\/v2\/users\/1"}],"replies":[{"embeddable":true,"href":"https:\/\/mercedesquantenheilung.de\/index.php?rest_route=%2Fwp%2Fv2%2Fcomments&post=5"}],"version-history":[{"count":18,"href":"https:\/\/mercedesquantenheilung.de\/index.php?rest_route=\/wp\/v2\/pages\/5\/revisions"}],"predecessor-version":[{"id":458,"href":"https:\/\/mercedesquantenheilung.de\/index.php?rest_route=\/wp\/v2\/pages\/5\/revisions\/458"}],"wp:attachment":[{"href":"https:\/\/mercedesquantenheilung.de\/index.php?rest_route=%2Fwp%2Fv2%2Fmedia&parent=5"}],"curies":[{"name":"wp","href":"https:\/\/api.w.org\/{rel}","templated":true}]}}