{"id":428,"date":"2025-07-13T23:13:01","date_gmt":"2025-07-13T21:13:01","guid":{"rendered":"https:\/\/mercedesquantenheilung.de\/?page_id=428"},"modified":"2025-07-21T12:00:40","modified_gmt":"2025-07-21T10:00:40","slug":"beratung","status":"publish","type":"page","link":"https:\/\/mercedesquantenheilung.de\/?page_id=428","title":{"rendered":"Beratung"},"content":{"rendered":"\n<p class=\"has-vivid-red-color has-text-color has-link-color wp-elements-7b3d03b4013a6fa5b6cf0d1b938bf303\">Wir bearbeiten gerade die Seite neu!<\/p>\n\n\n\n<p>Ich bringe meine jahrelange Erfahrungen in meine Beratungst\u00e4tigkeit ein. Intuitiv f\u00fchre ich dich zum Kern des Problems, um anschlie\u00dfend diese Herausforderung zu harmonisieren. Wie bei einer Zwiebel werden Schichten des Problems bzw. der Herausforderung nach und nach &#8222;abgetragen&#8220; und gel\u00f6st. In dir wird ein Bewusstwerdungsprozess angesto\u00dfen, der dazu f\u00fchrt, dass deine Handlungen sich auf positive Weise ver\u00e4ndern und du mit der Situation in Harmonie bist. Deine ver\u00e4nderte Haltung gegen\u00fcber den Themen bewirkt, dass du nun positivere Erfahrungen in deiner Realit\u00e4t machst und feststellst.<\/p>\n\n\n\n<p><\/p>\n\n\n\n<p><\/p>\n","protected":false},"excerpt":{"rendered":"<p>Wir bearbeiten gerade die Seite neu! Ich bringe meine jahrelange Erfahrungen in meine Beratungst\u00e4tigkeit ein. Intuitiv f\u00fchre ich dich zum Kern des Problems, um anschlie\u00dfend diese Herausforderung zu harmonisieren. Wie bei einer Zwiebel werden Schichten des Problems bzw. der Herausforderung nach und nach &#8222;abgetragen&#8220; und gel\u00f6st. In dir wird ein Bewusstwerdungsprozess angesto\u00dfen, der dazu f\u00fchrt, &hellip; <\/p>\n<p class=\"link-more\"><a href=\"https:\/\/mercedesquantenheilung.de\/?page_id=428\" class=\"more-link\"><span class=\"screen-reader-text\">&#8222;Beratung&#8220;<\/span> weiterlesen<\/a><\/p>\n","protected":false},"author":1,"featured_media":0,"parent":0,"menu_order":0,"comment_status":"closed","ping_status":"closed","template":"","meta":{"footnotes":""},"_links":{"self":[{"href":"https:\/\/mercedesquantenheilung.de\/index.php?rest_route=\/wp\/v2\/pages\/428"}],"collection":[{"href":"https:\/\/mercedesquantenheilung.de\/index.php?rest_route=\/wp\/v2\/pages"}],"about":[{"href":"https:\/\/mercedesquantenheilung.de\/index.php?rest_route=\/wp\/v2\/types\/page"}],"author":[{"embeddable":true,"href":"https:\/\/mercedesquantenheilung.de\/index.php?rest_route=\/wp\/v2\/users\/1"}],"replies":[{"embeddable":true,"href":"https:\/\/mercedesquantenheilung.de\/index.php?rest_route=%2Fwp%2Fv2%2Fcomments&post=428"}],"version-history":[{"count":4,"href":"https:\/\/mercedesquantenheilung.de\/index.php?rest_route=\/wp\/v2\/pages\/428\/revisions"}],"predecessor-version":[{"id":484,"href":"https:\/\/mercedesquantenheilung.de\/index.php?rest_route=\/wp\/v2\/pages\/428\/revisions\/484"}],"wp:attachment":[{"href":"https:\/\/mercedesquantenheilung.de\/index.php?rest_route=%2Fwp%2Fv2%2Fmedia&parent=428"}],"curies":[{"name":"wp","href":"https:\/\/api.w.org\/{rel}","templated":true}]}}