{"id":360,"date":"2025-07-14T00:00:13","date_gmt":"2025-07-13T22:00:13","guid":{"rendered":"https:\/\/mercedesquantenheilung.de\/?page_id=360"},"modified":"2025-07-21T20:59:54","modified_gmt":"2025-07-21T18:59:54","slug":"beratung-fuer-privatkunden","status":"publish","type":"page","link":"https:\/\/mercedesquantenheilung.de\/?page_id=360","title":{"rendered":"Beratung f\u00fcr Privatkunden"},"content":{"rendered":"\n<p>Du denkst dar\u00fcber nach dich beraten oder coachen zu lassen und wei\u00dft nicht so genau, welche Vorteile es Dir bringt? Du hast unz\u00e4hlige Vorteile! Hier kommen die 10 besten Gr\u00fcnde dich beraten zu lassen.<\/p>\n\n\n\n<p class=\"has-large-font-size\"><strong>Die 10 besten Gr\u00fcnde sich bei mir beraten zu lassen<\/strong>:<\/p>\n\n\n\n<p class=\"has-text-align-left has-pale-cyan-blue-background-color has-background\"><strong>1. Individuelle Zielsetzung:<\/strong> Ich helfe dir dabei, klare und realistische Ziele f\u00fcr deine pers\u00f6nliche Entwicklung zu definieren oder du bringst deine Ziele mit und wir schauen, ob sie noch optimiert werden k\u00f6nnen.<\/p>\n\n\n\n<p class=\"has-pale-cyan-blue-background-color has-background\"><strong>2.<\/strong> <strong>Erfahrene Unterst\u00fctzung:<\/strong> Mit meiner langj\u00e4hrigen Erfahrung als Coachin bzw. Beraterin verf\u00fcge ich \u00fcber Fachwissen und Erfahrung, um dich auf deinem Weg effektiv zu begleiten, sodass du unmittelbare Ergebnisse erzielst.<\/p>\n\n\n\n<p class=\"has-pale-cyan-blue-background-color has-background\"><strong>3. Motivation und Inspiration:<\/strong> Durch meine Beratung bleibst du motiviert, dran zu bleiben und neue Wege zu gehen, auch wenn es mal schwierig wird und der L\u00f6sungsprozess etwas l\u00e4nger dauert.<\/p>\n\n\n\n<p class=\"has-pale-cyan-blue-background-color has-background\"><strong>4. Pers\u00f6nliche St\u00e4rken erkennen:<\/strong> Ich helfe dir, deine St\u00e4rken zu identifizieren und gezielt einzusetzen, um dein Selbstbewusstsein zu st\u00e4rken.<\/p>\n\n\n\n<p class=\"has-pale-cyan-blue-background-color has-background\"><strong>5. Hindernisse \u00fcberwinden:<\/strong> Bei hinderlichen Emotionen, Glaubenss\u00e4tzen, Blockaden oder Selbstzweifeln unterst\u00fctze ich dich, diese zu erkennen und zu \u00fcberwinden bzw. aufzul\u00f6sen.<\/p>\n\n\n\n<p class=\"has-pale-cyan-blue-background-color has-background\"><strong>6. Ma\u00dfgeschneiderte Strategien:<\/strong> Du erh\u00e4ltst individuelle Methoden und Techniken, die genau auf deine Bed\u00fcrfnisse abgestimmt sind.<\/p>\n\n\n\n<p class=\"has-pale-cyan-blue-background-color has-background\"><strong>7. Langfristige Ver\u00e4nderung:<\/strong> Professionelle Begleitung f\u00f6rdert nachhaltige Ver\u00e4nderungen in deinem Leben und hilft dir, neue Gewohnheiten zu etablieren.<\/p>\n\n\n\n<p class=\"has-pale-cyan-blue-background-color has-background\"><strong>8. Bewusstsein f\u00f6rdern:<\/strong> Ich gebe dir Strategien und Methoden an die Hand, dich selbst besser kennenzulernen und bewusster mit deinen Gedanken und Gef\u00fchlen umzugehen und das zu manifestieren, was du wirklich in deinem Leben haben m\u00f6chtest.<\/p>\n\n\n\n<p class=\"has-pale-cyan-blue-background-color has-background\"><strong>9. Vermeidung von unn\u00f6tigen Fehlern:<\/strong> Du profitierst von meinen jahrzehntelangen  Erfahrungen als Beraterin, um typische Stolpersteine zu umgehen. Somit kommst du wieder effizienter in deine Balance und Harmonie.<\/p>\n\n\n\n<p class=\"has-pale-cyan-blue-background-color has-background\"><strong>10. Jeder ist seines eigenen Gl\u00fcckes Schmied:<\/strong> Die Beratung unterst\u00fctzt dich dabei, dein Leben so zu gestalten, wie du es dir w\u00fcnschst.<\/p>\n","protected":false},"excerpt":{"rendered":"<p>Du denkst dar\u00fcber nach dich beraten oder coachen zu lassen und wei\u00dft nicht so genau, welche Vorteile es Dir bringt? Du hast unz\u00e4hlige Vorteile! Hier kommen die 10 besten Gr\u00fcnde dich beraten zu lassen. Die 10 besten Gr\u00fcnde sich bei mir beraten zu lassen: 1. Individuelle Zielsetzung: Ich helfe dir dabei, klare und realistische Ziele &hellip; <\/p>\n<p class=\"link-more\"><a href=\"https:\/\/mercedesquantenheilung.de\/?page_id=360\" class=\"more-link\"><span class=\"screen-reader-text\">&#8222;Beratung f\u00fcr Privatkunden&#8220;<\/span> weiterlesen<\/a><\/p>\n","protected":false},"author":1,"featured_media":0,"parent":428,"menu_order":1,"comment_status":"closed","ping_status":"closed","template":"","meta":{"footnotes":""},"_links":{"self":[{"href":"https:\/\/mercedesquantenheilung.de\/index.php?rest_route=\/wp\/v2\/pages\/360"}],"collection":[{"href":"https:\/\/mercedesquantenheilung.de\/index.php?rest_route=\/wp\/v2\/pages"}],"about":[{"href":"https:\/\/mercedesquantenheilung.de\/index.php?rest_route=\/wp\/v2\/types\/page"}],"author":[{"embeddable":true,"href":"https:\/\/mercedesquantenheilung.de\/index.php?rest_route=\/wp\/v2\/users\/1"}],"replies":[{"embeddable":true,"href":"https:\/\/mercedesquantenheilung.de\/index.php?rest_route=%2Fwp%2Fv2%2Fcomments&post=360"}],"version-history":[{"count":10,"href":"https:\/\/mercedesquantenheilung.de\/index.php?rest_route=\/wp\/v2\/pages\/360\/revisions"}],"predecessor-version":[{"id":464,"href":"https:\/\/mercedesquantenheilung.de\/index.php?rest_route=\/wp\/v2\/pages\/360\/revisions\/464"}],"up":[{"embeddable":true,"href":"https:\/\/mercedesquantenheilung.de\/index.php?rest_route=\/wp\/v2\/pages\/428"}],"wp:attachment":[{"href":"https:\/\/mercedesquantenheilung.de\/index.php?rest_route=%2Fwp%2Fv2%2Fmedia&parent=360"}],"curies":[{"name":"wp","href":"https:\/\/api.w.org\/{rel}","templated":true}]}}