{"id":116,"date":"2017-09-11T13:11:03","date_gmt":"2017-09-11T13:11:03","guid":{"rendered":"http:\/\/mercedesquantenheilung.de\/?page_id=116"},"modified":"2022-12-04T00:57:39","modified_gmt":"2022-12-03T22:57:39","slug":"home","status":"publish","type":"page","link":"https:\/\/mercedesquantenheilung.de\/","title":{"rendered":"Home"},"content":{"rendered":"<h1><strong>Heile Dich selbst!<\/strong><\/h1>\n<p>Erfahre die Wirkung auf dein Leben mit einer der kraftvollsten Methoden der heutigen Zeit und transformiere Emotionen, Glaubenss\u00e4tze und Blockaden, die du nicht mehr als hilfreich empfindest. Bestimme du selbst, was du in deinem Leben ver\u00e4ndern m\u00f6chtest und bringe dies durch diese einfach anzuwendende Methode ins Flie\u00dfen.<\/p>\n<p>Weiterf\u00fchrende Informationen rund um das Thema Quantenheilung findest du weiter unten auf dieser Seite.<\/p>\n<p>Viel Spa\u00df beim Erkunden!<\/p>\n<p>Eure quantische Mercedes<\/p>\n<p><img loading=\"lazy\" decoding=\"async\" class=\"alignnone  wp-image-86\" src=\"http:\/\/mercedesquantenheilung.de\/wp-content\/uploads\/2017\/09\/cropped-cropped-Merce_BilderMascaFavoriten_023-e1506257488787-300x270.jpg\" alt=\"\" width=\"336\" height=\"302\" \/><\/p>\n<h1 style=\"text-align: left;\"><span style=\"color: #ff00ff;\"><strong>Die 2-Punkt-Methode<\/strong><\/span><\/h1>\n<p>Laut Blake f\u00fchrt die Aufl\u00f6sung\/Transformation von Energieblockaden automatisch zur Bewusstseinserweiterung. Die 2-Punkt-Methode wirkt auf der Ebene der Quanten und transformiert unser Bewusstsein.<\/p>\n<p>Andrew Blake beschreibt in seinem Buch, dass es diese Methode schon seit Menschengedenken gibt. Nachweislich verwenden die Kahunas, die Schamanen Hawaiis, diese Methode schon seit Jahrtausenden. Serge Kahili King, Buchautor und Schamane, nennt sie Kahi \u2013\u201edie magische Ber\u00fchrung\u201c. Er h\u00e4lt sie f\u00fcr eine der wichtigsten Techniken, die er kennt und gibt sie an andere weiter.<\/p>\n<p>Ende der neunziger Jahre wurde die Methode wiederentdeckt und f\u00fcr unser westliches Verst\u00e4ndnis von den beiden Amerikanern Dr. Frank Kinslow\u00a0 (Quantum Entrainment) und Dr. Richard Bartlett (Matrix Energetics) neu aufbereitet. Beide stie\u00dfen unabh\u00e4ngig voneinander auf diesen Denkansatz und entwickelten daraus ihren individuellen Stil. Kinslow und Bartlett sowie mittlerweile viele andere stellen ihre Erfahrungen in B\u00fcchern und Seminaren einem stetig zunehmenden Publikum zur Verf\u00fcgung, so dass heute Zehntausende von Menschen in Nordamerika und Europa auf dieses tolle Hilfsmittel zur\u00fcckgreifen k\u00f6nnen.<\/p>\n<p>Auch ich habe meinen eigenen Stil entwickelt, in dem ich meine gesamten Erfahrungen mit in die Methode einbringe. Ich wende die Methode auch auf andere Dimensionen und Zeiten an. Dies erm\u00f6glicht eine effektive Anwendung und bringt erstklassige Ergebnisse bei der Transformation von Lebensthemen.<\/p>\n\n\n<p><\/p>\n","protected":false},"excerpt":{"rendered":"<p>Heile Dich selbst! Erfahre die Wirkung auf dein Leben mit einer der kraftvollsten Methoden der heutigen Zeit und transformiere Emotionen, Glaubenss\u00e4tze und Blockaden, die du nicht mehr als hilfreich empfindest. Bestimme du selbst, was du in deinem Leben ver\u00e4ndern m\u00f6chtest und bringe dies durch diese einfach anzuwendende Methode ins Flie\u00dfen. Weiterf\u00fchrende Informationen rund um das &hellip; <\/p>\n<p class=\"link-more\"><a href=\"https:\/\/mercedesquantenheilung.de\/\" class=\"more-link\"><span class=\"screen-reader-text\">&#8222;Home&#8220;<\/span> weiterlesen<\/a><\/p>\n","protected":false},"author":1,"featured_media":0,"parent":0,"menu_order":0,"comment_status":"closed","ping_status":"closed","template":"","meta":{"footnotes":""},"_links":{"self":[{"href":"https:\/\/mercedesquantenheilung.de\/index.php?rest_route=\/wp\/v2\/pages\/116"}],"collection":[{"href":"https:\/\/mercedesquantenheilung.de\/index.php?rest_route=\/wp\/v2\/pages"}],"about":[{"href":"https:\/\/mercedesquantenheilung.de\/index.php?rest_route=\/wp\/v2\/types\/page"}],"author":[{"embeddable":true,"href":"https:\/\/mercedesquantenheilung.de\/index.php?rest_route=\/wp\/v2\/users\/1"}],"replies":[{"embeddable":true,"href":"https:\/\/mercedesquantenheilung.de\/index.php?rest_route=%2Fwp%2Fv2%2Fcomments&post=116"}],"version-history":[{"count":14,"href":"https:\/\/mercedesquantenheilung.de\/index.php?rest_route=\/wp\/v2\/pages\/116\/revisions"}],"predecessor-version":[{"id":393,"href":"https:\/\/mercedesquantenheilung.de\/index.php?rest_route=\/wp\/v2\/pages\/116\/revisions\/393"}],"wp:attachment":[{"href":"https:\/\/mercedesquantenheilung.de\/index.php?rest_route=%2Fwp%2Fv2%2Fmedia&parent=116"}],"curies":[{"name":"wp","href":"https:\/\/api.w.org\/{rel}","templated":true}]}}