{"id":107,"date":"2017-09-11T12:47:13","date_gmt":"2017-09-11T12:47:13","guid":{"rendered":"http:\/\/mercedesquantenheilung.de\/?page_id=107"},"modified":"2026-01-02T22:14:51","modified_gmt":"2026-01-02T20:14:51","slug":"kurse","status":"publish","type":"page","link":"https:\/\/mercedesquantenheilung.de\/?page_id=107","title":{"rendered":"Seminare"},"content":{"rendered":"<h1><strong>Folgende Seminare\/Workshops werden angeboten:<\/strong><\/h1>\n<ul>\n<li><span style=\"color: #ff0000;\"><strong>Neu: ab dem 2. Halbjahr gibt es den ersten Kurs von Grabovoi. Vermutlich als moderierter Onlinekurs!<\/strong><\/span><\/li>\n<li>Power-Transforations-Wochenende<\/li>\n<li>Basisseminar Quantenheilung (2-Punkt-Methode)<\/li>\n<li>Quantenheilungsseminar f\u00fcr Fortgeschrittene<\/li>\n<li>Masterclass Quantenheilung+ auf Anfrage<\/li>\n<li>Die 6-Minuten-Methode von Alex Loyd und Ben Johnson<\/li>\n<\/ul>\n<p>Die Anmeldung kann \u00fcber das Anmeldeformular oder telefonisch unter 0151 65 15 8008 erfolgen.<\/p>\n<h2><span style=\"color: #ff00ff;\"><b>TP1 Die Welt der Zahlen und Lenkungen von Grabovoi<\/b><\/span><\/h2>\n<p><span id=\"segment-1767382936624-0-alignment-0\" class=\"text-segment\"><span class=\"interaction\" data-llm-query=\"Tauche\">Tauche<\/span> <span class=\"interaction\" data-llm-query=\"in\">in<\/span> <span class=\"interaction\" data-llm-query=\"diesem\">diesem<\/span> <span class=\"interaction\" data-llm-query=\"Kurs\">Kurs<\/span> <span class=\"interaction\" data-llm-query=\"in\">in<\/span> <span class=\"interaction\" data-llm-query=\"die\">die<\/span> <span class=\"interaction\" data-llm-query=\"faszinierende\">faszinierende<\/span> <span class=\"interaction\" data-llm-query=\"Welt\">Welt<\/span> <span class=\"interaction\" data-llm-query=\"der\">der<\/span> <span class=\"interaction\" data-llm-query=\"Grabovoi-Zahlen\">Grabovoi-Zahlen<\/span><span class=\"interaction\" data-llm-query=\"reihen\">reihen<\/span> <span class=\"interaction\" data-llm-query=\"ein\">ein<\/span> <span class=\"interaction\" data-llm-query=\"und\">und<\/span> <span class=\"interaction\" data-llm-query=\"entdecke\">entdecke<\/span>, <span class=\"interaction\" data-llm-query=\"wie\">wie<\/span> <span class=\"interaction\" data-llm-query=\"du\">du<\/span> <span class=\"interaction\" data-llm-query=\"sie\">sie<\/span> <span class=\"interaction\" data-llm-query=\"f\u00fcr\">f\u00fcr<\/span> <span class=\"interaction\" data-llm-query=\"dich\">dich<\/span> <span class=\"interaction\" data-llm-query=\"nutzen\">nutzen<\/span> <span class=\"interaction\" data-llm-query=\"kannst\">kannst<\/span>! <\/span><span id=\"segment-1767382936624-0-alignment-91\" class=\"text-segment\"><span class=\"interaction\" data-llm-query=\"Au\u00dferdem\">Au\u00dferdem<\/span> <span class=\"interaction\" data-llm-query=\"erlernst\">lernst<\/span> <span class=\"interaction\" data-llm-query=\"du\">du<\/span>, <span class=\"interaction\" data-llm-query=\"wie\">wie<\/span> <span class=\"interaction\" data-llm-query=\"du\">du<\/span> <span class=\"interaction\" data-llm-query=\"mit\">mit<\/span> deiner <span class=\"interaction\" data-llm-query=\"Kraft\">Kraft<\/span> <span class=\"interaction\" data-llm-query=\"deines\">deines<\/span> <span class=\"interaction\" data-llm-query=\"Bewusstseins\">Bewusstseins<\/span> <span class=\"interaction\" data-llm-query=\"die\">die<\/span> <span class=\"interaction\" data-llm-query=\"Situationen\">Situationen<\/span> <span class=\"interaction\" data-llm-query=\"in\">in<\/span> <span class=\"interaction\" data-llm-query=\"deinem\">deinem<\/span> <span class=\"interaction\" data-llm-query=\"Alltag\">Alltag<\/span> <span class=\"interaction\" data-llm-query=\"lenken\">lenken<\/span> <span class=\"interaction\" data-llm-query=\"kannst\">kannst<\/span>. <\/span><span id=\"segment-1767382936624-0-alignment-198\" class=\"text-segment\"><span class=\"interaction\" data-llm-query=\"Wir\">Wir<\/span> steigen\u00a0<span class=\"interaction\" data-llm-query=\"in\">in<\/span> <span class=\"interaction\" data-llm-query=\"die\">die<\/span> <span class=\"interaction\" data-llm-query=\"Welt\">Welt<\/span> <span class=\"interaction\" data-llm-query=\"der\">der<\/span> <span class=\"interaction\" data-llm-query=\"Zahlen\">Zahlen<\/span> <span class=\"interaction\" data-llm-query=\"mit\">mit<\/span> <span class=\"interaction\" data-llm-query=\"ihren\">ihren<\/span> <span class=\"interaction\" data-llm-query=\"transformierenden\">transformierenden<\/span> <span class=\"interaction\" data-llm-query=\"Eigenschaften\">Eigenschaften<\/span> <span class=\"interaction\" data-llm-query=\"ein\">ein<\/span> <span class=\"interaction\" data-llm-query=\"und\">und<\/span> <span class=\"interaction\" data-llm-query=\"lernen\">lernen<\/span> <span class=\"interaction\" data-llm-query=\"eine\">eine<\/span> <span class=\"interaction\" data-llm-query=\"Vielzahl\">Vielzahl<\/span> <span class=\"interaction\" data-llm-query=\"von\">von<\/span> <span class=\"interaction\" data-llm-query=\"Lenkungen\">Lenkungen<\/span> <span class=\"interaction\" data-llm-query=\"(vergleichbar\">(vergleichbar<\/span> <span class=\"interaction\" data-llm-query=\"mit\">mit<\/span> <span class=\"interaction\" data-llm-query=\"Methoden\">Methoden<\/span> <span class=\"interaction\" data-llm-query=\"&amp;\">&amp;<\/span> <span class=\"interaction\" data-llm-query=\"Techniken)\">Techniken)<\/span> <span class=\"interaction\" data-llm-query=\"kennen\">kennen<\/span>, <span class=\"interaction\" data-llm-query=\"mit\">mit<\/span> <span class=\"interaction\" data-llm-query=\"denen\">denen<\/span> <span class=\"interaction\" data-llm-query=\"du\">du<\/span> <span class=\"interaction\" data-llm-query=\"dein\">dein<\/span> <span class=\"interaction\" data-llm-query=\"Leben\">Leben<\/span> <span class=\"interaction\" data-llm-query=\"in\">in<\/span> <span class=\"interaction\" data-llm-query=\"die\">die<\/span> <span class=\"interaction\" data-llm-query=\"gew\u00fcnschte\">gew\u00fcnschte<\/span> <span class=\"interaction\" data-llm-query=\"Richtung\">Richtung<\/span> <span class=\"interaction\" data-llm-query=\"lenken\">lenken<\/span> <span class=\"interaction\" data-llm-query=\"kannst\">kannst<\/span>.<\/span><\/p>\n<p>Wer sich f\u00fcr diesen Kurs interessiert, kann sich gerne auf die Warteliste setzen lassen. Sobald der Kurs an den Start geht, wirst du von mir informiert. Dazu musst du nur eine E-Mail an Mercedes-Quantenheilung(at)gmx.de senden.<\/p>\n<h2><span style=\"color: #ff00ff;\"><b>Power-Transformation-Tage<br \/>\nBallast abwerfen und mit Leichtigkeit ins neue Leben<\/b><\/span><\/h2>\n<p>In diesem Workshop erh\u00e4ltst du den gesch\u00fctzten Rahmen und die M\u00f6glichkeit in k\u00fcrzester Zeit, gro\u00dfe Mengen an Altlasten von Dir zu streifen. Du entpuppst Dich wie eine Raupe und entfaltest Deine volle Sch\u00f6nheit. Die Schwere, die manch einer f\u00fchlt, wird in Leichtigkeit gewandelt. Du kommst <span style=\"color: #000000;\">Deinem<\/span> g\u00f6ttlichen Wesenskern immer n\u00e4her, nachdem Du die Schleier der negativen Erfahrungen und der eingrenzenden Glaubenss\u00e4tze und der vorhandenen Blockaden ablegst.<\/p>\n<p><strong><span style=\"color: #ff00ff;\">DU BIST LICHT und LIEBE!<\/span><\/strong><\/p>\n<p><span style=\"color: #ff00ff;\"><strong>Dauer<\/strong>:<\/span> 2 volle Tage<\/p>\n<p>ca. 50% Transformation der Altlasten<\/p>\n<p>ca. 50% Integration positiver und hilfreicher Glaubenss\u00e4tze und Materialisation deiner W\u00fcnsche<\/p>\n<p><span style=\"color: #ff00ff;\"><strong>Voraussetzung:<\/strong> <\/span>Den Willen sich ver\u00e4ndern zu wollen und alte Erfahrungen, die nicht mehr sinnvoll f\u00fcr ein leichtes und gl\u00fcckliches Leben sind, gehen lassen zu wollen.<\/p>\n<p>Von Vorteil: Du praktizierst die 6-Minuten-Methode oder die Quantenheilung z.B.<\/p>\n<p><span style=\"color: #ff00ff;\"><strong>Ziel und -inhalt:<\/strong><\/span><\/p>\n<ul>\n<li>Du vollziehst in k\u00fcrzester Zeit, einen gro\u00dfen inneren Wandel.<\/li>\n<li>Die Transformation wird so einfach und leicht, wie m\u00f6glich umgesetzt.<\/li>\n<li>Am Ende der zwei Tage hast Du einen Teil Deines Ballastes, der Dich schon eine lange Zeit Deines Lebens begleitet, in Liebe, Leichtigkeit und Frieden umgewandelt.<\/li>\n<\/ul>\n<p><span style=\"color: #ff00ff;\"><strong>Termine:<\/strong><\/span><\/p>\n<p><span style=\"color: #ff00ff;\">In Pr\u00e4senz in Lindau ( Bodensee ):<br \/>\n<span style=\"color: #000000;\">03. und 04.01.2026 Thema: Berufung, Liebe und Selbstliebe<br \/>\n07. und 08.02.2026 Thema: Liebe &amp; Selbstliebe<br \/>\n11. und 12.04.2026 Thema: Beruf &amp; Berufung<br \/>\n06. und 07.06.2026 Thema: Selbstwert &amp; Finanzen<\/span><\/span><\/p>\n<p><span style=\"color: #000000;\"><strong>Preis:\u00a0 350\u20ac<\/strong><\/span><\/p>\n<h2><span style=\"color: #ff00ff;\"><strong><span style=\"color: #ff00ff;\">Basisseminar Quantenheilung<\/span><br \/>\n<\/strong><\/span><\/h2>\n<p>Im Basisseminar erlernst du die 2-Punkt-Methode Schritt f\u00fcr Schritt, sodass du dich selbst und andere mit der Methode behandeln kannst.<\/p>\n<p><strong><span style=\"color: #ff00ff;\">Kursziel und -inhalt:<\/span><\/strong><\/p>\n<ul>\n<li>Ich wei\u00df, woher die 2-Punkt-Methode kommt.<\/li>\n<li>Ich kenne den Zusammenhang zwischen Quantenphysik und Quantenheilung.<\/li>\n<li>Ich kenne die derzeitig bekanntesten Vertreter der 2-Punkt-Methode.<\/li>\n<li>Ich kenne den Ablauf der 2-Punkt-Methode.<\/li>\n<li>Ich kann die 2-Punkt-Methode an mir selbst und an anderen anwenden.<\/li>\n<li>Ich kann Fernbehandlungen durchf\u00fchren und vieles mehr.<\/li>\n<\/ul>\n<p>Der Kurs dauert insgesamt 8 volle Stunden und wird meistens auf 2 Tage verteilt. Jeder Teilnehmer erh\u00e4lt ein Teilnahmezertifikat. Der Kurs ist f\u00fcr Personen geeignet, die keinerlei\u00a0 oder sehr geringe Vorkenntnisse mitbringen.<\/p>\n<p>Aufgrund von vermehrten Nachfragen, wird der Workshop jetzt auch exklusiv und individuell vermittelt. Bitte rufen Sie mich an, um weitere Informationen \u00fcber Ihren privaten Workshop zu erhalten.<\/p>\n<p><strong><span style=\"color: #ff00ff;\">Die n\u00e4chsten Termine sind:<\/span><\/strong><\/p>\n<p><span style=\"color: #ff00ff;\">Auf zwei Tage verteilt in Lindau ( Bodensee )<\/span><\/p>\n<p>Auf Anfrage!<\/p>\n<p><span style=\"color: #f043ed;\">In einem Tag in Lindau:<\/span><br \/>\n10.01.2026<br \/>\n14.03.2026<br \/>\n16.05.2026<br \/>\n04.07.2026<br \/>\n12.09.2026<br \/>\n14.11.2026<\/p>\n<p><span style=\"color: #000000;\">Preis: 220 \u20ac<\/span><\/p>\n<h2><strong><span style=\"color: #ff00ff;\">Quantenheilungsseminar f\u00fcr Fortgeschrittene<\/span><\/strong><\/h2>\n<p>Dieses Seminar ist f\u00fcr Personen gedacht, die schon mal einen Kurs in Quantenheilung durchgef\u00fchrt haben, idealerweise das Basisseminar Quantenheilung (s.o.).<\/p>\n<p>In diesem Seminar werden die Kenntnisse der Quantenheilung erweitert und vertieft. Es werden unterschiedliche Techniken vermittelt, die die Behandlung ganzheitlich umfassend und somit effektiver und zielf\u00fchrender werden l\u00e4sst.<\/p>\n<p>Es werden weitere Einsatzgebiete sowie die F\u00fclle der Anwendungsm\u00f6glichkeiten aufgezeigt. Wir wenden die Methode auf multidimensionalen Ebenen an, um ein optimales Ergebnis w\u00e4hrend der Behandlung zu erreichen.<\/p>\n<p>Schwierigkeiten oder Herausforderungen, die w\u00e4hrend der Anwendung der Grundkenntnisse aufgekommen sind, bekommen hier ihren Raum, um besprochen und gekl\u00e4rt zu werden.<\/p>\n<p>Der Kurs findet an 2 Tagen statt und dauert insgesamt 8 volle Stunden. Es gibt aber auch eint\u00e4gige Seminare. F\u00fcr die erfolgreiche Teilnahme erh\u00e4lt jeder Teilnehmer ein Zertifikat.<\/p>\n<p>Aufgrund von vermehrten Nachfragen, wird der Workshop jetzt auch exklusiv und individuell vermittelt. Bitte rufen Sie mich an, um weitere Informationen \u00fcber Ihren privaten Workshop zu erhalten.<\/p>\n<p><strong><span style=\"color: #ff00ff;\">Folgende Termine sind f\u00fcr das Seminar vorgesehen:<\/span><\/strong><\/p>\n<p><span style=\"color: #ff00ff;\">In Lindau ( Bodensee ) Tagesseminar:<\/span><br \/>\n17.01.2026<br \/>\n15.03.2026<br \/>\n17.05.2026<br \/>\n05.07.2026<br \/>\n13.09.2026<br \/>\n15.11.2026<\/p>\n<p><span style=\"color: #ff00ff;\">Auf <strong>zwei Tage<\/strong> verteilt in Lindau ( Bodensee ):<\/span><br \/>\n<span style=\"color: #000000;\">Auf Anfrage!<\/span><\/p>\n<p><span style=\"color: #000000;\">Preis: 220 \u20ac<\/span><\/p>\n<h2><strong><span style=\"color: #ff00ff;\">Die 6-Minuten-Heilmethode<\/span><\/strong><\/h2>\n<p>Effektive Methode um Themen zu transformieren. Die Transformationen findet unter anderem auch in unseren Zellen statt.<\/p>\n<p>Der Workshop dauert ca. 1,5 Stunden. <span id=\"segment-1760524540169-0-alignment-38\" class=\"text-segment\">Je nach Anzahl der Teilnehmer dauert der Workshop l\u00e4nger oder k\u00fcrzer. <\/span><span id=\"segment-1760524540169-0-alignment-87\" class=\"text-segment\"><span class=\"interaction\" data-llm-query=\"Du\">Du<\/span> <span class=\"interaction\" data-llm-query=\"bringst\">bringst<\/span> <span class=\"interaction\" data-llm-query=\"Ziele\">Ziele<\/span> <span class=\"interaction\" data-llm-query=\"oder\">oder Themen mit<\/span>, <span class=\"interaction\" data-llm-query=\"die\">die<\/span> <span class=\"interaction\" data-llm-query=\"du\">du<\/span> <span class=\"interaction\" data-llm-query=\"in\">in deinem <\/span><span class=\"interaction\" data-llm-query=\"Leben\">Leben<\/span> <span class=\"interaction\" data-llm-query=\"ver\u00e4ndern\">ver\u00e4ndern m\u00f6chtest<\/span>. <\/span><span id=\"segment-1760524540169-0-alignment-164\" class=\"text-segment\"><span class=\"interaction\" data-llm-query=\"Diese\">Diese musst du <\/span><span class=\"interaction\" data-llm-query=\"nicht\">nicht<\/span> <span class=\"interaction\" data-llm-query=\"vor\">vor<\/span> <span class=\"interaction\" data-llm-query=\"der\">der Gruppe vorstellen.<\/span><\/span><\/p>\n<p><strong><span style=\"color: #ff00ff;\">Voraussetzung:<\/span><\/strong><\/p>\n<ul>\n<li>Bequeme Kleidung<\/li>\n<li>Offen f\u00fcr Neues<\/li>\n<li>Lust sich zu ver\u00e4ndern und an sich zu arbeiten<\/li>\n<li>Das Buch muss nicht vorher gelesen werden.<\/li>\n<\/ul>\n<p><span style=\"color: #ff00ff;\"><strong>Kursziel und -inhalt:<\/strong><\/span><\/p>\n<ul>\n<li>Ich kenne den Ablauf der 6-Minuten-Methode.<\/li>\n<li>Ich wei\u00df, wie man die 6-Minuten-Methode anwendet.<\/li>\n<li>Ich wende die Methode an meinen mitgebrachten Themen an.<\/li>\n<li>Ich erf\u00fclle mir\u00a0 meine W\u00fcnschen und Ziele.<\/li>\n<li>Ich lerne meine Realit\u00e4t meinen W\u00fcnschen nach zu formen.<\/li>\n<\/ul>\n<p><span style=\"color: #ff0000;\">Achtung:<\/span><\/p>\n<p>Dieses Seminar zielt nicht darauf ab, die Theorie der 6-Minuten-Methode zu vermitteln. Wer sich f\u00fcr die Theorie interessiert, kann sich das Buch &#8222;Der Healing Code von Alex Loyd und Ben Johnson&#8220; kaufen.<\/p>\n<p><span style=\"color: #ff00ff; font-size: 1rem;\"><strong>Termine:<\/strong><\/span><\/p>\n<p><span style=\"color: #ff00ff;\">In Lindau ( Bodensee ):<\/span><span style=\"color: #000000;\"><br \/>\n23.01.2026 um 15:00 Uhr<br \/>\n<\/span><span style=\"color: #000000;\">21.02.2026 um 16:00 Uhr<br \/>\n07.03.2026 um 15:00 Uhr<\/span><\/p>\n<p><span style=\"color: #ff00ff;\">In M\u00fcnchen:<\/span><br \/>\n08.08.2026 um 11:00 Uhr<\/p>\n<p><span style=\"color: #000000;\">Preis: 75\u20ac<\/span><\/p>\n<p><span style=\"color: #ff00ff;\"><strong>\u00a0<\/strong><\/span><\/p>\n","protected":false},"excerpt":{"rendered":"<p>Folgende Seminare\/Workshops werden angeboten: Neu: ab dem 2. Halbjahr gibt es den ersten Kurs von Grabovoi. Vermutlich als moderierter Onlinekurs! Power-Transforations-Wochenende Basisseminar Quantenheilung (2-Punkt-Methode) Quantenheilungsseminar f\u00fcr Fortgeschrittene Masterclass Quantenheilung+ auf Anfrage Die 6-Minuten-Methode von Alex Loyd und Ben Johnson Die Anmeldung kann \u00fcber das Anmeldeformular oder telefonisch unter 0151 65 15 8008 erfolgen. TP1 Die &hellip; <\/p>\n<p class=\"link-more\"><a href=\"https:\/\/mercedesquantenheilung.de\/?page_id=107\" class=\"more-link\"><span class=\"screen-reader-text\">&#8222;Seminare&#8220;<\/span> weiterlesen<\/a><\/p>\n","protected":false},"author":1,"featured_media":0,"parent":0,"menu_order":0,"comment_status":"closed","ping_status":"closed","template":"","meta":{"footnotes":""},"_links":{"self":[{"href":"https:\/\/mercedesquantenheilung.de\/index.php?rest_route=\/wp\/v2\/pages\/107"}],"collection":[{"href":"https:\/\/mercedesquantenheilung.de\/index.php?rest_route=\/wp\/v2\/pages"}],"about":[{"href":"https:\/\/mercedesquantenheilung.de\/index.php?rest_route=\/wp\/v2\/types\/page"}],"author":[{"embeddable":true,"href":"https:\/\/mercedesquantenheilung.de\/index.php?rest_route=\/wp\/v2\/users\/1"}],"replies":[{"embeddable":true,"href":"https:\/\/mercedesquantenheilung.de\/index.php?rest_route=%2Fwp%2Fv2%2Fcomments&post=107"}],"version-history":[{"count":61,"href":"https:\/\/mercedesquantenheilung.de\/index.php?rest_route=\/wp\/v2\/pages\/107\/revisions"}],"predecessor-version":[{"id":504,"href":"https:\/\/mercedesquantenheilung.de\/index.php?rest_route=\/wp\/v2\/pages\/107\/revisions\/504"}],"wp:attachment":[{"href":"https:\/\/mercedesquantenheilung.de\/index.php?rest_route=%2Fwp%2Fv2%2Fmedia&parent=107"}],"curies":[{"name":"wp","href":"https:\/\/api.w.org\/{rel}","templated":true}]}}